{"id":296,"date":"2019-09-23T09:58:57","date_gmt":"2019-09-23T07:58:57","guid":{"rendered":"https:\/\/autovent-shop.dev.artif.net\/?page_id=296"},"modified":"2020-02-19T17:54:48","modified_gmt":"2020-02-19T16:54:48","slug":"ueber-uns","status":"publish","type":"page","link":"https:\/\/autovent-shop.de\/?page_id=296","title":{"rendered":"\u00dcber uns"},"content":{"rendered":"\n<p>Seit \u00fcber 20 Jahren ist die Firma Unternehmensgruppe Drobek<\/p>\n\n\n\n<p>Ein zuverl\u00e4ssiger Partner f\u00fcr die Zerspanung und\u00a0Montage. Verbunden mit den Traditionen des Handwerks\u00a0entwickelten wir uns zu einem aufgeschlossenen,\u00a0zukunftsorientierten Fachbetrieb f\u00fcr alle Belange des\u00a0Maschinenbaues. Mit einem modernen Maschinenpark reagieren wir flexibel und\u00a0zuverl\u00e4ssig auf alle Anforderungen unserer Kunden.\u00a0Unsere  Spezialit\u00e4t ist, unter anderem, die pr\u00e4zise und termingerechte  Fertigung von Anbauteilen f\u00fcr Polyurethan (PU)Sch\u00e4umwerkzeuge\/Formenbau wie Entl\u00fcftungs &#8211; Bel\u00fcftungs  Elementen Befestigungsteilen und vieles mehr.<\/p>\n","protected":false},"excerpt":{"rendered":"<p>Seit \u00fcber 20 Jahren ist die Firma Unternehmensgruppe Drobek Ein zuverl\u00e4ssiger Partner f\u00fcr die Zerspanung und\u00a0Montage. Verbunden mit den Traditionen&hellip;<\/p>\n","protected":false},"author":1,"featured_media":0,"parent":0,"menu_order":0,"comment_status":"closed","ping_status":"closed","template":"","meta":{"footnotes":""},"class_list":["post-296","page","type-page","status-publish","hentry"],"_links":{"self":[{"href":"https:\/\/autovent-shop.de\/index.php?rest_route=\/wp\/v2\/pages\/296","targetHints":{"allow":["GET"]}}],"collection":[{"href":"https:\/\/autovent-shop.de\/index.php?rest_route=\/wp\/v2\/pages"}],"about":[{"href":"https:\/\/autovent-shop.de\/index.php?rest_route=\/wp\/v2\/types\/page"}],"author":[{"embeddable":true,"href":"https:\/\/autovent-shop.de\/index.php?rest_route=\/wp\/v2\/users\/1"}],"replies":[{"embeddable":true,"href":"https:\/\/autovent-shop.de\/index.php?rest_route=%2Fwp%2Fv2%2Fcomments&post=296"}],"version-history":[{"count":4,"href":"https:\/\/autovent-shop.de\/index.php?rest_route=\/wp\/v2\/pages\/296\/revisions"}],"predecessor-version":[{"id":650,"href":"https:\/\/autovent-shop.de\/index.php?rest_route=\/wp\/v2\/pages\/296\/revisions\/650"}],"wp:attachment":[{"href":"https:\/\/autovent-shop.de\/index.php?rest_route=%2Fwp%2Fv2%2Fmedia&parent=296"}],"curies":[{"name":"wp","href":"https:\/\/api.w.org\/{rel}","templated":true}]}}