{"id":21,"date":"2018-11-24T22:40:44","date_gmt":"2018-11-24T21:40:44","guid":{"rendered":"https:\/\/autovent-shop.dev.artif.net\/?page_id=21"},"modified":"2019-09-23T10:00:38","modified_gmt":"2019-09-23T08:00:38","slug":"datenschutzbelehrung","status":"publish","type":"page","link":"https:\/\/autovent-shop.de\/?page_id=21","title":{"rendered":"Datenschutzbelehrung"},"content":{"rendered":"\n<p>Der Schutz Ihrer personenbezogenen Daten bei der Erhebung,  Verarbeitung und Nutzung anl\u00e4sslich Ihres Besuchs in unserem Webshop uns  ein wichtiges Anliegen. Ihre Daten werden im Rahmen der gesetzlichen  Vorschriften gesch\u00fctzt. Nachfolgend finden Sie Informationen, welche  Daten w\u00e4hrend Ihres Besuchs auf der Homepage erfasst und wie diese  genutzt werden:<\/p>\n\n\n\n<p> \t1. Erhebung und Verarbeitung von Daten<\/p>\n\n\n\n<p>Jeder Zugriff auf unseren Webshop\/Homepage \u00a0und jeder Abruf einer auf  der Homepage hinterlegten Datei werden protokolliert. Die Speicherung  dient internen systembezogenen und statistischen Zwecken. Protokolliert  werden: Name der abgerufenen Datei, Datum und Uhrzeit des Abrufs,  \u00fcbertragene Datenmenge, Meldung \u00fcber erfolgreichen Abruf, Webbrowser und  anfragende Domain. Zus\u00e4tzlich werden die IP Adressen der anfragenden  Rechner protokolliert. Weitergehende personenbezogene Daten werden nur  erfasst, wenn Sie diese Angaben freiwillig, etwa im Rahmen einer Anfrage  oder Registrierung, machen.<\/p>\n\n\n\n<p> \t2. Nutzung und Weitergabe personenbezogener Daten<\/p>\n\n\n\n<p>Soweit Sie uns personenbezogene Daten zur Verf\u00fcgung gestellt haben,  verwenden wir diese nur zur Beantwortung Ihrer Anfragen, zur Abwicklung  mit Ihnen geschlossener Vertr\u00e4ge und f\u00fcr die technische Administration.  Ihre personenbezogenen Daten werden an Dritte nur weitergegeben oder  sonst \u00fcbermittelt, wenn dies zum Zwecke der Vertragsabwicklung &#8211;  insbesondere Weitergabe von Bestelldaten an Lieferanten &#8211; erforderlich  ist, dies zu Abrechnungszwecken erforderlich ist oder Sie zuvor  eingewilligt haben. Sie haben das Recht, eine erteilte Einwilligung mit  Wirkung f\u00fcr die Zukunft jederzeit zu widerrufen. Die L\u00f6schung der  gespeicherten personenbezogenen Daten erfolgt, wenn Sie Ihre  Einwilligung zur Speicherung widerrufen, wenn ihre Kenntnis zur  Erf\u00fcllung des mit der Speicherung verfolgten Zwecks nicht mehr  erforderlich ist oder wenn ihre Speicherung aus sonstigen gesetzlichen  Gr\u00fcnden unzul\u00e4ssig ist.<\/p>\n\n\n\n<p> \t3. Auskunftsrecht<\/p>\n\n\n\n<p>Auf schriftliche Anfrage werden wir Sie gern \u00fcber die zu Ihrer Person gespeicherten Daten informieren.<\/p>\n\n\n\n<p> \tSicherheitshinweis:<\/p>\n\n\n\n<p>Wir sind bem\u00fcht, Ihre personenbezogenen Daten durch Ergreifung aller  technischen und organisatorischen M\u00f6glichkeiten so zu speichern, dass  sie f\u00fcr Dritte nicht zug\u00e4nglich sind. Bei der Kommunikation per E Mail  kann die vollst\u00e4ndige Datensicherheit von uns nicht gew\u00e4hrleistet  werden, so dass wir Ihnen bei vertraulichen Informationen den Postweg  empfehlen.<\/p>\n","protected":false},"excerpt":{"rendered":"<p>Der Schutz Ihrer personenbezogenen Daten bei der Erhebung, Verarbeitung und Nutzung anl\u00e4sslich Ihres Besuchs in unserem Webshop uns ein wichtiges&hellip;<\/p>\n","protected":false},"author":1,"featured_media":0,"parent":0,"menu_order":0,"comment_status":"closed","ping_status":"closed","template":"","meta":{"footnotes":""},"class_list":["post-21","page","type-page","status-publish","hentry"],"_links":{"self":[{"href":"https:\/\/autovent-shop.de\/index.php?rest_route=\/wp\/v2\/pages\/21","targetHints":{"allow":["GET"]}}],"collection":[{"href":"https:\/\/autovent-shop.de\/index.php?rest_route=\/wp\/v2\/pages"}],"about":[{"href":"https:\/\/autovent-shop.de\/index.php?rest_route=\/wp\/v2\/types\/page"}],"author":[{"embeddable":true,"href":"https:\/\/autovent-shop.de\/index.php?rest_route=\/wp\/v2\/users\/1"}],"replies":[{"embeddable":true,"href":"https:\/\/autovent-shop.de\/index.php?rest_route=%2Fwp%2Fv2%2Fcomments&post=21"}],"version-history":[{"count":2,"href":"https:\/\/autovent-shop.de\/index.php?rest_route=\/wp\/v2\/pages\/21\/revisions"}],"predecessor-version":[{"id":300,"href":"https:\/\/autovent-shop.de\/index.php?rest_route=\/wp\/v2\/pages\/21\/revisions\/300"}],"wp:attachment":[{"href":"https:\/\/autovent-shop.de\/index.php?rest_route=%2Fwp%2Fv2%2Fmedia&parent=21"}],"curies":[{"name":"wp","href":"https:\/\/api.w.org\/{rel}","templated":true}]}}